{"id":60,"date":"2013-12-18T13:17:08","date_gmt":"2013-12-18T13:17:08","guid":{"rendered":"http:\/\/helenebjergcom.wpengine.com\/executive-coaching-2\/"},"modified":"2020-03-11T19:11:58","modified_gmt":"2020-03-11T17:11:58","slug":"executive-coaching","status":"publish","type":"page","link":"https:\/\/helenebjerg.com\/da\/executive-coaching\/","title":{"rendered":"Executive coaching"},"content":{"rendered":"<p><span style=\"line-height: 1.5em;\">N\u00e5r vi igangs\u00e6tter et coachingforl\u00f8b (ansigt til ansigt eller via skype\/zoom) skaber du en mulighed for at finde nye <\/span><span style=\"line-height: 1.5em;\">veje til dine m\u00e5l. Med udgangspunkt i de forretningsm\u00e6ssige m\u00e5l transformeres din\u00a0<\/span><span style=\"line-height: 1.5em;\">m\u00e5de at h\u00e5ndtere din karriere og dit daglige arbejdsliv p\u00e5.<\/span><\/p>\n<p>Du vil blive m\u00f8dt af en blanding af udfordring, st\u00f8tte og feedback, der sigter mod at\u00a0skabe st\u00f8rst mulig effekt og adf\u00e6rds\u00e6ndring.\u00a0For at sikre forankring i organisationen kan den umiddelbare ledelse eller bestyrelse\u00a0blive involveret i coaching processen. Dette g\u00f8res med udgangspunkt i <a href=\"https:\/\/www.emccglobal.org\/quality\/ethics\/\" target=\"_blank\" rel=\"noopener noreferrer\">EMCC Code\u00a0of Ethics<\/a>.<\/p>\n<p>Typiske m\u00e5l for en coaching:<\/p>\n<ul>\n<li><span style=\"line-height: 1.5em;\">Personligt engagement og arbejdsgl\u00e6de<\/span><\/li>\n<li><span style=\"line-height: 1.5em;\">H\u00e5ndtering af ny rolle\/job<\/span><\/li>\n<li><span style=\"line-height: 1.5em;\">Evnen til at lede andre<\/span><\/li>\n<li>Karriereudvikling \/ &#8211; fremdrift<\/li>\n<li>Personlige resultater \/ effektivitet<\/li>\n<li>Stress eller udbr\u00e6ndthed<\/li>\n<\/ul>\n<p>I forl\u00f8bet vil jeg g\u00f8re brug af en <a href=\"http:\/\/www.hoganassessment.com\" target=\"_blank\" rel=\"noopener noreferrer\">Hogan personlighedstest<\/a> eller <a href=\"https:\/\/strengthsprofile.com\/\">Strengthprofile<\/a> styrketest\u00a0s\u00e5fremt det er relevant.<\/p>\n","protected":false},"excerpt":{"rendered":"<p>N\u00e5r vi igangs\u00e6tter et coachingforl\u00f8b (ansigt til ansigt eller via skype\/zoom) skaber du en mulighed for at finde nye veje til dine m\u00e5l. Med udgangspunkt i de forretningsm\u00e6ssige m\u00e5l transformeres din\u00a0m\u00e5de at h\u00e5ndtere din karriere og dit daglige arbejdsliv p\u00e5. Du vil blive m\u00f8dt af en blanding af udfordring, st\u00f8tte og feedback, der sigter mod&#8230;  <a class=\"excerpt-read-more\" href=\"https:\/\/helenebjerg.com\/da\/executive-coaching\/\" title=\"ReadExecutive coaching\">Read more &raquo;<\/a><\/p>\n","protected":false},"author":3,"featured_media":0,"parent":0,"menu_order":0,"comment_status":"closed","ping_status":"closed","template":"page-kontakt.php","meta":{"_exactmetrics_skip_tracking":false,"_exactmetrics_sitenote_active":false,"_exactmetrics_sitenote_note":"","_exactmetrics_sitenote_category":0,"footnotes":""},"class_list":["post-60","page","type-page","status-publish","hentry"],"yoast_head":"<!-- This site is optimized with the Yoast SEO plugin v27.4 - https:\/\/yoast.com\/product\/yoast-seo-wordpress\/ -->\n<title>Executive coaching - Helene Bjerg<\/title>\n<meta name=\"robots\" content=\"index, follow, max-snippet:-1, max-image-preview:large, max-video-preview:-1\" \/>\n<link rel=\"canonical\" href=\"https:\/\/helenebjerg.com\/da\/executive-coaching\/\" \/>\n<meta property=\"og:locale\" content=\"da_DK\" \/>\n<meta property=\"og:type\" content=\"article\" \/>\n<meta property=\"og:title\" content=\"Executive coaching - Helene Bjerg\" \/>\n<meta property=\"og:description\" content=\"N\u00e5r vi igangs\u00e6tter et coachingforl\u00f8b (ansigt til ansigt eller via skype\/zoom) skaber du en mulighed for at finde nye veje til dine m\u00e5l. Med udgangspunkt i de forretningsm\u00e6ssige m\u00e5l transformeres din\u00a0m\u00e5de at h\u00e5ndtere din karriere og dit daglige arbejdsliv p\u00e5. Du vil blive m\u00f8dt af en blanding af udfordring, st\u00f8tte og feedback, der sigter mod... Read more &raquo;\" \/>\n<meta property=\"og:url\" content=\"https:\/\/helenebjerg.com\/da\/executive-coaching\/\" \/>\n<meta property=\"og:site_name\" content=\"Helene Bjerg\" \/>\n<meta property=\"article:modified_time\" content=\"2020-03-11T17:11:58+00:00\" \/>\n<meta name=\"twitter:card\" content=\"summary_large_image\" \/>\n<meta name=\"twitter:site\" content=\"@bjerghelene\" \/>\n<meta name=\"twitter:label1\" content=\"Estimeret l\u00e6setid\" \/>\n\t<meta name=\"twitter:data1\" content=\"1 minut\" \/>\n<script type=\"application\/ld+json\" class=\"yoast-schema-graph\">{\"@context\":\"https:\\\/\\\/schema.org\",\"@graph\":[{\"@type\":\"WebPage\",\"@id\":\"https:\\\/\\\/helenebjerg.com\\\/da\\\/executive-coaching\\\/\",\"url\":\"https:\\\/\\\/helenebjerg.com\\\/da\\\/executive-coaching\\\/\",\"name\":\"Executive coaching - Helene Bjerg\",\"isPartOf\":{\"@id\":\"https:\\\/\\\/helenebjerg.com\\\/#website\"},\"datePublished\":\"2013-12-18T13:17:08+00:00\",\"dateModified\":\"2020-03-11T17:11:58+00:00\",\"breadcrumb\":{\"@id\":\"https:\\\/\\\/helenebjerg.com\\\/da\\\/executive-coaching\\\/#breadcrumb\"},\"inLanguage\":\"da-DK\",\"potentialAction\":[{\"@type\":\"ReadAction\",\"target\":[\"https:\\\/\\\/helenebjerg.com\\\/da\\\/executive-coaching\\\/\"]}]},{\"@type\":\"BreadcrumbList\",\"@id\":\"https:\\\/\\\/helenebjerg.com\\\/da\\\/executive-coaching\\\/#breadcrumb\",\"itemListElement\":[{\"@type\":\"ListItem\",\"position\":1,\"name\":\"Home\",\"item\":\"https:\\\/\\\/helenebjerg.com\\\/da\\\/\"},{\"@type\":\"ListItem\",\"position\":2,\"name\":\"Executive coaching\"}]},{\"@type\":\"WebSite\",\"@id\":\"https:\\\/\\\/helenebjerg.com\\\/#website\",\"url\":\"https:\\\/\\\/helenebjerg.com\\\/\",\"name\":\"Helene Bjerg\",\"description\":\"Executive Coach &amp; Advisor\",\"publisher\":{\"@id\":\"https:\\\/\\\/helenebjerg.com\\\/#\\\/schema\\\/person\\\/0e8025f4a38c98e3892d2f1ede2d2242\"},\"alternateName\":\"Executive Coaching\",\"potentialAction\":[{\"@type\":\"SearchAction\",\"target\":{\"@type\":\"EntryPoint\",\"urlTemplate\":\"https:\\\/\\\/helenebjerg.com\\\/?s={search_term_string}\"},\"query-input\":{\"@type\":\"PropertyValueSpecification\",\"valueRequired\":true,\"valueName\":\"search_term_string\"}}],\"inLanguage\":\"da-DK\"},{\"@type\":[\"Person\",\"Organization\"],\"@id\":\"https:\\\/\\\/helenebjerg.com\\\/#\\\/schema\\\/person\\\/0e8025f4a38c98e3892d2f1ede2d2242\",\"name\":\"Helene Bjerg\",\"image\":{\"@type\":\"ImageObject\",\"inLanguage\":\"da-DK\",\"@id\":\"https:\\\/\\\/helenebjerg.com\\\/wp-content\\\/uploads\\\/2017\\\/01\\\/Helene-Bjerg_blog-website_2017.jpg\",\"url\":\"https:\\\/\\\/helenebjerg.com\\\/wp-content\\\/uploads\\\/2017\\\/01\\\/Helene-Bjerg_blog-website_2017.jpg\",\"contentUrl\":\"https:\\\/\\\/helenebjerg.com\\\/wp-content\\\/uploads\\\/2017\\\/01\\\/Helene-Bjerg_blog-website_2017.jpg\",\"width\":579,\"height\":513,\"caption\":\"Helene Bjerg\"},\"logo\":{\"@id\":\"https:\\\/\\\/helenebjerg.com\\\/wp-content\\\/uploads\\\/2017\\\/01\\\/Helene-Bjerg_blog-website_2017.jpg\"}}]}<\/script>\n<!-- \/ Yoast SEO plugin. -->","yoast_head_json":{"title":"Executive coaching - Helene Bjerg","robots":{"index":"index","follow":"follow","max-snippet":"max-snippet:-1","max-image-preview":"max-image-preview:large","max-video-preview":"max-video-preview:-1"},"canonical":"https:\/\/helenebjerg.com\/da\/executive-coaching\/","og_locale":"da_DK","og_type":"article","og_title":"Executive coaching - Helene Bjerg","og_description":"N\u00e5r vi igangs\u00e6tter et coachingforl\u00f8b (ansigt til ansigt eller via skype\/zoom) skaber du en mulighed for at finde nye veje til dine m\u00e5l. Med udgangspunkt i de forretningsm\u00e6ssige m\u00e5l transformeres din\u00a0m\u00e5de at h\u00e5ndtere din karriere og dit daglige arbejdsliv p\u00e5. Du vil blive m\u00f8dt af en blanding af udfordring, st\u00f8tte og feedback, der sigter mod... Read more &raquo;","og_url":"https:\/\/helenebjerg.com\/da\/executive-coaching\/","og_site_name":"Helene Bjerg","article_modified_time":"2020-03-11T17:11:58+00:00","twitter_card":"summary_large_image","twitter_site":"@bjerghelene","twitter_misc":{"Estimeret l\u00e6setid":"1 minut"},"schema":{"@context":"https:\/\/schema.org","@graph":[{"@type":"WebPage","@id":"https:\/\/helenebjerg.com\/da\/executive-coaching\/","url":"https:\/\/helenebjerg.com\/da\/executive-coaching\/","name":"Executive coaching - Helene Bjerg","isPartOf":{"@id":"https:\/\/helenebjerg.com\/#website"},"datePublished":"2013-12-18T13:17:08+00:00","dateModified":"2020-03-11T17:11:58+00:00","breadcrumb":{"@id":"https:\/\/helenebjerg.com\/da\/executive-coaching\/#breadcrumb"},"inLanguage":"da-DK","potentialAction":[{"@type":"ReadAction","target":["https:\/\/helenebjerg.com\/da\/executive-coaching\/"]}]},{"@type":"BreadcrumbList","@id":"https:\/\/helenebjerg.com\/da\/executive-coaching\/#breadcrumb","itemListElement":[{"@type":"ListItem","position":1,"name":"Home","item":"https:\/\/helenebjerg.com\/da\/"},{"@type":"ListItem","position":2,"name":"Executive coaching"}]},{"@type":"WebSite","@id":"https:\/\/helenebjerg.com\/#website","url":"https:\/\/helenebjerg.com\/","name":"Helene Bjerg","description":"Executive Coach &amp; Advisor","publisher":{"@id":"https:\/\/helenebjerg.com\/#\/schema\/person\/0e8025f4a38c98e3892d2f1ede2d2242"},"alternateName":"Executive Coaching","potentialAction":[{"@type":"SearchAction","target":{"@type":"EntryPoint","urlTemplate":"https:\/\/helenebjerg.com\/?s={search_term_string}"},"query-input":{"@type":"PropertyValueSpecification","valueRequired":true,"valueName":"search_term_string"}}],"inLanguage":"da-DK"},{"@type":["Person","Organization"],"@id":"https:\/\/helenebjerg.com\/#\/schema\/person\/0e8025f4a38c98e3892d2f1ede2d2242","name":"Helene Bjerg","image":{"@type":"ImageObject","inLanguage":"da-DK","@id":"https:\/\/helenebjerg.com\/wp-content\/uploads\/2017\/01\/Helene-Bjerg_blog-website_2017.jpg","url":"https:\/\/helenebjerg.com\/wp-content\/uploads\/2017\/01\/Helene-Bjerg_blog-website_2017.jpg","contentUrl":"https:\/\/helenebjerg.com\/wp-content\/uploads\/2017\/01\/Helene-Bjerg_blog-website_2017.jpg","width":579,"height":513,"caption":"Helene Bjerg"},"logo":{"@id":"https:\/\/helenebjerg.com\/wp-content\/uploads\/2017\/01\/Helene-Bjerg_blog-website_2017.jpg"}}]}},"jetpack_sharing_enabled":true,"_links":{"self":[{"href":"https:\/\/helenebjerg.com\/da\/wp-json\/wp\/v2\/pages\/60","targetHints":{"allow":["GET"]}}],"collection":[{"href":"https:\/\/helenebjerg.com\/da\/wp-json\/wp\/v2\/pages"}],"about":[{"href":"https:\/\/helenebjerg.com\/da\/wp-json\/wp\/v2\/types\/page"}],"author":[{"embeddable":true,"href":"https:\/\/helenebjerg.com\/da\/wp-json\/wp\/v2\/users\/3"}],"replies":[{"embeddable":true,"href":"https:\/\/helenebjerg.com\/da\/wp-json\/wp\/v2\/comments?post=60"}],"version-history":[{"count":0,"href":"https:\/\/helenebjerg.com\/da\/wp-json\/wp\/v2\/pages\/60\/revisions"}],"wp:attachment":[{"href":"https:\/\/helenebjerg.com\/da\/wp-json\/wp\/v2\/media?parent=60"}],"curies":[{"name":"wp","href":"https:\/\/api.w.org\/{rel}","templated":true}]}}