{"id":62,"date":"2013-12-18T13:18:07","date_gmt":"2013-12-18T13:18:07","guid":{"rendered":"http:\/\/helenebjergcom.wpengine.com\/executive-teamudviklinggruppecoaching-2\/"},"modified":"2022-04-10T23:59:31","modified_gmt":"2022-04-10T21:59:31","slug":"executive-team-development","status":"publish","type":"page","link":"https:\/\/helenebjerg.com\/da\/executive-team-development\/","title":{"rendered":"Executive Team Development"},"content":{"rendered":"<p>Uanset hvordan virkeligheden ser ud, har alle et \u00f8nske om at f\u00e5 eget team til at\u00a0fungere bedst muligt. Alt andet kr\u00e6ver alt for mange un\u00f8dige kr\u00e6fter.<\/p>\n<p>Men det er ikke altid nemt selv at se vejen videre eller f\u00e5 \u00f8je p\u00e5, hvordan I bringer\u00a0jeres team til det n\u00e6ste niveau.<\/p>\n<p><strong>Executive teamudvikling<\/strong> er rettet mod nysammensatte teams eller teams, der\u00a0endnu ikke har brugt tilstr\u00e6kkelig tid sammen. Alt efter behov kan fokus l\u00e6gges p\u00e5\u00a0personlige pr\u00e6ferencer og v\u00e6rdier, og\/eller hvordan de individuelle styrker bringes\u00a0bedst i spil. Executive teamudvikling tager udgangspunkt i jeres forretningsm\u00e6ssige\u00a0kontekst. Vi kan g\u00f8re brug af <a href=\"http:\/\/www.hoganassessment.com\">Hogan personlighedstest<\/a> eller <a href=\"http:\/\/www.cappeu.com\">Realise2<\/a> styrketest for at\u00a0hj\u00e6lpe processen p\u00e5 vej.<\/p>\n<p><strong>Executive gruppecoaching<\/strong> er rettet mod teams, der egentligt godt ved, hvad de\u00a0skal g\u00f8re, men ikke kan f\u00e5 det til at ske. I Executive teamcoaching deltager jeg i jeres m\u00f8der og\/eller externater, for at give feedback og coache til en \u00f8get indsigt.\u00a0Dermed forbedres muligheden for at skabe de \u00f8nskede forretningsm\u00e6ssige m\u00e5l og\u00a0adf\u00e6rds\u00e6ndringer.<\/p>\n<p>Executive teamudvikling\/gruppecoaching skr\u00e6ddersyes til jer og kan vare alt fra 1\u00a0dag til flere dage over 6-8 mdr.<\/p>\n<p>Typiske teamer er:<\/p>\n<ul>\n<li>Kendskab til og udnyttelse af individuelle ressourcer<\/li>\n<li>Fokusering<\/li>\n<li>Beslutningsproces- og evne<\/li>\n<li>Handlekraft<\/li>\n<li>Samarbejde<\/li>\n<li>Autensitet<\/li>\n<li>Kommunikation<\/li>\n<li>Konflikth\u00e5ndtering<\/li>\n<\/ul>\n<p>&nbsp;<\/p>\n","protected":false},"excerpt":{"rendered":"<p>Uanset hvordan virkeligheden ser ud, har alle et \u00f8nske om at f\u00e5 eget team til at\u00a0fungere bedst muligt. Alt andet kr\u00e6ver alt for mange un\u00f8dige kr\u00e6fter. Men det er ikke altid nemt selv at se vejen videre eller f\u00e5 \u00f8je p\u00e5, hvordan I bringer\u00a0jeres team til det n\u00e6ste niveau. Executive teamudvikling er rettet mod nysammensatte&#8230;  <a class=\"excerpt-read-more\" href=\"https:\/\/helenebjerg.com\/da\/executive-team-development\/\" title=\"ReadExecutive Team Development\">Read more &raquo;<\/a><\/p>\n","protected":false},"author":3,"featured_media":0,"parent":0,"menu_order":0,"comment_status":"closed","ping_status":"closed","template":"","meta":{"_exactmetrics_skip_tracking":false,"_exactmetrics_sitenote_active":false,"_exactmetrics_sitenote_note":"","_exactmetrics_sitenote_category":0,"footnotes":""},"class_list":["post-62","page","type-page","status-publish","hentry"],"yoast_head":"<!-- This site is optimized with the Yoast SEO plugin v27.4 - https:\/\/yoast.com\/product\/yoast-seo-wordpress\/ -->\n<title>Executive Team Development - Helene Bjerg<\/title>\n<meta name=\"robots\" content=\"index, follow, max-snippet:-1, max-image-preview:large, max-video-preview:-1\" \/>\n<link rel=\"canonical\" href=\"https:\/\/helenebjerg.com\/da\/executive-team-development\/\" \/>\n<meta property=\"og:locale\" content=\"da_DK\" \/>\n<meta property=\"og:type\" content=\"article\" \/>\n<meta property=\"og:title\" content=\"Executive Team Development - Helene Bjerg\" \/>\n<meta property=\"og:description\" content=\"Uanset hvordan virkeligheden ser ud, har alle et \u00f8nske om at f\u00e5 eget team til at\u00a0fungere bedst muligt. Alt andet kr\u00e6ver alt for mange un\u00f8dige kr\u00e6fter. Men det er ikke altid nemt selv at se vejen videre eller f\u00e5 \u00f8je p\u00e5, hvordan I bringer\u00a0jeres team til det n\u00e6ste niveau. Executive teamudvikling er rettet mod nysammensatte... Read more &raquo;\" \/>\n<meta property=\"og:url\" content=\"https:\/\/helenebjerg.com\/da\/executive-team-development\/\" \/>\n<meta property=\"og:site_name\" content=\"Helene Bjerg\" \/>\n<meta property=\"article:modified_time\" content=\"2022-04-10T21:59:31+00:00\" \/>\n<meta name=\"twitter:card\" content=\"summary_large_image\" \/>\n<meta name=\"twitter:site\" content=\"@bjerghelene\" \/>\n<meta name=\"twitter:label1\" content=\"Estimeret l\u00e6setid\" \/>\n\t<meta name=\"twitter:data1\" content=\"1 minut\" \/>\n<script type=\"application\/ld+json\" class=\"yoast-schema-graph\">{\"@context\":\"https:\\\/\\\/schema.org\",\"@graph\":[{\"@type\":\"WebPage\",\"@id\":\"https:\\\/\\\/helenebjerg.com\\\/da\\\/executive-team-development\\\/\",\"url\":\"https:\\\/\\\/helenebjerg.com\\\/da\\\/executive-team-development\\\/\",\"name\":\"Executive Team Development - Helene Bjerg\",\"isPartOf\":{\"@id\":\"https:\\\/\\\/helenebjerg.com\\\/#website\"},\"datePublished\":\"2013-12-18T13:18:07+00:00\",\"dateModified\":\"2022-04-10T21:59:31+00:00\",\"breadcrumb\":{\"@id\":\"https:\\\/\\\/helenebjerg.com\\\/da\\\/executive-team-development\\\/#breadcrumb\"},\"inLanguage\":\"da-DK\",\"potentialAction\":[{\"@type\":\"ReadAction\",\"target\":[\"https:\\\/\\\/helenebjerg.com\\\/da\\\/executive-team-development\\\/\"]}]},{\"@type\":\"BreadcrumbList\",\"@id\":\"https:\\\/\\\/helenebjerg.com\\\/da\\\/executive-team-development\\\/#breadcrumb\",\"itemListElement\":[{\"@type\":\"ListItem\",\"position\":1,\"name\":\"Home\",\"item\":\"https:\\\/\\\/helenebjerg.com\\\/da\\\/\"},{\"@type\":\"ListItem\",\"position\":2,\"name\":\"Executive Team Development\"}]},{\"@type\":\"WebSite\",\"@id\":\"https:\\\/\\\/helenebjerg.com\\\/#website\",\"url\":\"https:\\\/\\\/helenebjerg.com\\\/\",\"name\":\"Helene Bjerg\",\"description\":\"Executive Coach &amp; Advisor\",\"publisher\":{\"@id\":\"https:\\\/\\\/helenebjerg.com\\\/#\\\/schema\\\/person\\\/0e8025f4a38c98e3892d2f1ede2d2242\"},\"alternateName\":\"Executive Coaching\",\"potentialAction\":[{\"@type\":\"SearchAction\",\"target\":{\"@type\":\"EntryPoint\",\"urlTemplate\":\"https:\\\/\\\/helenebjerg.com\\\/?s={search_term_string}\"},\"query-input\":{\"@type\":\"PropertyValueSpecification\",\"valueRequired\":true,\"valueName\":\"search_term_string\"}}],\"inLanguage\":\"da-DK\"},{\"@type\":[\"Person\",\"Organization\"],\"@id\":\"https:\\\/\\\/helenebjerg.com\\\/#\\\/schema\\\/person\\\/0e8025f4a38c98e3892d2f1ede2d2242\",\"name\":\"Helene Bjerg\",\"image\":{\"@type\":\"ImageObject\",\"inLanguage\":\"da-DK\",\"@id\":\"https:\\\/\\\/helenebjerg.com\\\/wp-content\\\/uploads\\\/2017\\\/01\\\/Helene-Bjerg_blog-website_2017.jpg\",\"url\":\"https:\\\/\\\/helenebjerg.com\\\/wp-content\\\/uploads\\\/2017\\\/01\\\/Helene-Bjerg_blog-website_2017.jpg\",\"contentUrl\":\"https:\\\/\\\/helenebjerg.com\\\/wp-content\\\/uploads\\\/2017\\\/01\\\/Helene-Bjerg_blog-website_2017.jpg\",\"width\":579,\"height\":513,\"caption\":\"Helene Bjerg\"},\"logo\":{\"@id\":\"https:\\\/\\\/helenebjerg.com\\\/wp-content\\\/uploads\\\/2017\\\/01\\\/Helene-Bjerg_blog-website_2017.jpg\"}}]}<\/script>\n<!-- \/ Yoast SEO plugin. -->","yoast_head_json":{"title":"Executive Team Development - Helene Bjerg","robots":{"index":"index","follow":"follow","max-snippet":"max-snippet:-1","max-image-preview":"max-image-preview:large","max-video-preview":"max-video-preview:-1"},"canonical":"https:\/\/helenebjerg.com\/da\/executive-team-development\/","og_locale":"da_DK","og_type":"article","og_title":"Executive Team Development - Helene Bjerg","og_description":"Uanset hvordan virkeligheden ser ud, har alle et \u00f8nske om at f\u00e5 eget team til at\u00a0fungere bedst muligt. Alt andet kr\u00e6ver alt for mange un\u00f8dige kr\u00e6fter. Men det er ikke altid nemt selv at se vejen videre eller f\u00e5 \u00f8je p\u00e5, hvordan I bringer\u00a0jeres team til det n\u00e6ste niveau. Executive teamudvikling er rettet mod nysammensatte... Read more &raquo;","og_url":"https:\/\/helenebjerg.com\/da\/executive-team-development\/","og_site_name":"Helene Bjerg","article_modified_time":"2022-04-10T21:59:31+00:00","twitter_card":"summary_large_image","twitter_site":"@bjerghelene","twitter_misc":{"Estimeret l\u00e6setid":"1 minut"},"schema":{"@context":"https:\/\/schema.org","@graph":[{"@type":"WebPage","@id":"https:\/\/helenebjerg.com\/da\/executive-team-development\/","url":"https:\/\/helenebjerg.com\/da\/executive-team-development\/","name":"Executive Team Development - Helene Bjerg","isPartOf":{"@id":"https:\/\/helenebjerg.com\/#website"},"datePublished":"2013-12-18T13:18:07+00:00","dateModified":"2022-04-10T21:59:31+00:00","breadcrumb":{"@id":"https:\/\/helenebjerg.com\/da\/executive-team-development\/#breadcrumb"},"inLanguage":"da-DK","potentialAction":[{"@type":"ReadAction","target":["https:\/\/helenebjerg.com\/da\/executive-team-development\/"]}]},{"@type":"BreadcrumbList","@id":"https:\/\/helenebjerg.com\/da\/executive-team-development\/#breadcrumb","itemListElement":[{"@type":"ListItem","position":1,"name":"Home","item":"https:\/\/helenebjerg.com\/da\/"},{"@type":"ListItem","position":2,"name":"Executive Team Development"}]},{"@type":"WebSite","@id":"https:\/\/helenebjerg.com\/#website","url":"https:\/\/helenebjerg.com\/","name":"Helene Bjerg","description":"Executive Coach &amp; Advisor","publisher":{"@id":"https:\/\/helenebjerg.com\/#\/schema\/person\/0e8025f4a38c98e3892d2f1ede2d2242"},"alternateName":"Executive Coaching","potentialAction":[{"@type":"SearchAction","target":{"@type":"EntryPoint","urlTemplate":"https:\/\/helenebjerg.com\/?s={search_term_string}"},"query-input":{"@type":"PropertyValueSpecification","valueRequired":true,"valueName":"search_term_string"}}],"inLanguage":"da-DK"},{"@type":["Person","Organization"],"@id":"https:\/\/helenebjerg.com\/#\/schema\/person\/0e8025f4a38c98e3892d2f1ede2d2242","name":"Helene Bjerg","image":{"@type":"ImageObject","inLanguage":"da-DK","@id":"https:\/\/helenebjerg.com\/wp-content\/uploads\/2017\/01\/Helene-Bjerg_blog-website_2017.jpg","url":"https:\/\/helenebjerg.com\/wp-content\/uploads\/2017\/01\/Helene-Bjerg_blog-website_2017.jpg","contentUrl":"https:\/\/helenebjerg.com\/wp-content\/uploads\/2017\/01\/Helene-Bjerg_blog-website_2017.jpg","width":579,"height":513,"caption":"Helene Bjerg"},"logo":{"@id":"https:\/\/helenebjerg.com\/wp-content\/uploads\/2017\/01\/Helene-Bjerg_blog-website_2017.jpg"}}]}},"jetpack_sharing_enabled":true,"_links":{"self":[{"href":"https:\/\/helenebjerg.com\/da\/wp-json\/wp\/v2\/pages\/62","targetHints":{"allow":["GET"]}}],"collection":[{"href":"https:\/\/helenebjerg.com\/da\/wp-json\/wp\/v2\/pages"}],"about":[{"href":"https:\/\/helenebjerg.com\/da\/wp-json\/wp\/v2\/types\/page"}],"author":[{"embeddable":true,"href":"https:\/\/helenebjerg.com\/da\/wp-json\/wp\/v2\/users\/3"}],"replies":[{"embeddable":true,"href":"https:\/\/helenebjerg.com\/da\/wp-json\/wp\/v2\/comments?post=62"}],"version-history":[{"count":0,"href":"https:\/\/helenebjerg.com\/da\/wp-json\/wp\/v2\/pages\/62\/revisions"}],"wp:attachment":[{"href":"https:\/\/helenebjerg.com\/da\/wp-json\/wp\/v2\/media?parent=62"}],"curies":[{"name":"wp","href":"https:\/\/api.w.org\/{rel}","templated":true}]}}