{"id":66,"date":"2013-12-18T13:19:31","date_gmt":"2013-12-18T13:19:31","guid":{"rendered":"http:\/\/helenebjergcom.wpengine.com\/om-2\/"},"modified":"2024-03-16T12:17:25","modified_gmt":"2024-03-16T10:17:25","slug":"om","status":"publish","type":"page","link":"https:\/\/helenebjerg.com\/da\/om\/","title":{"rendered":"Om &#038; Presse"},"content":{"rendered":"<h2>Presse<\/h2>\n<h4>Artikel fra &#8220;Psykologi&#8221;: <a href=\"https:\/\/helenebjerg.com\/wp-content\/uploads\/2019\/08\/Min-L\u00e6remester_CEO-Lars-Matjeka-1.pdf\">Min l\u00e6remester<\/a><\/h4>\n<h4><strong>Artikel fra &#8220;Psykologi&#8221; <a href=\"https:\/\/helenebjerg.com\/wp-content\/uploads\/2013\/12\/Oensk-Droem-Lev-1-1.pdf\">\u00d8nsk. Dr\u00f8m. Lev<\/a><\/strong><\/h4>\n<h4><strong>Artikel fra\u00a0 magasinet &#8220;IN&#8221;\u00a0 <a href=\"https:\/\/helenebjerg.com\/5-kaernevaerdier-saetter-kursen-for-dit-liv-2\/\">5 k\u00e6rnev\u00e6rdier s\u00e6tter kursen for dit liv<\/a><\/strong><\/h4>\n<p>Se hvad jeg skriver p\u00e5 &#8220;<strong><a href=\"https:\/\/excellencereporter.com\/2016\/05\/24\/helene-bjerg-the-meaning-of-life-and-following-your-personal-gps\/\">The Meaning of Life and Following Your Personal GPS<\/a>&#8220;:<\/strong><\/p>\n<p>Se mit interview i &#8220;Your Danish Life &#8211; Your Expat Magazine&#8221;:<a href=\"http:\/\/www.yourdanishlife.dk\/want-to-be-happy-in-denmark-find-your-values-and-follow-your-personal-gps\/\"><strong>Helene Bjerg: Want to be Happy in De<\/strong>nmark?<\/a><\/p>\n<h2><\/h2>\n<h2>Om mig<\/h2>\n<p>Med mere end 20 \u00e5rs erfaring i at udvikle organisationer og enkeltpersoner har jeg arbejdet hos Accenture, Right Management Consultants og sammen med The Oxford Coaching og Mentoring (TheOCM). Siden 2003 har jeg v\u00e6ret selvst\u00e6ndig r\u00e5dgiver og executive coach.<\/p>\n<p>Fra 2005 har jeg coachet ledere i erhvervslivet og i dag har jeg mere end 2000 samtaler bag mig.<\/p>\n<p>Igennem \u00e5rene har jeg arbejdet som r\u00e5dgiver for ledelser og direktioner i udviklingen af \u200b\u200bb\u00e5de sm\u00e5 og store organisationer. I min r\u00e5dgivning man\u00f8vrerer jeg gnidningsfrit mellem strategi og implementering samt personlig udvikling af b\u00e5de st\u00f8rre og mindre grupper af ledere og medarbejdere.<\/p>\n<p>Jeg har en cand. merc. fra Handelsh\u00f8jskolen i K\u00f8benhavn og jeg har en diplomuddannelse i Coaching &amp; Mentoring fra <a href=\"http:\/\/theocm.co.uk\/\" target=\"_blank\" rel=\"noopener noreferrer\">The OCM i Oxford<\/a>.<\/p>\n<p>Jeg er certificeret i <a title=\"Hogan Assessement Inc\" href=\"http:\/\/www.hoganassessment.com\">Hogan Personlighedstest<\/a> samt hos <a title=\"Realise2\" href=\"http:\/\/www.cappeu.com\">Center For Applied Positive Psychology<\/a> i brugen af styrketest <a href=\"https:\/\/strengthsprofile.com\/\">Strengthprofile<\/a> og Strengthprofile Team.<\/p>\n<p>Ved h\u00e5ndtering af store projekter, arbejder jeg i et netv\u00e6rk af h\u00f8jt kvalificerede specialister.<\/p>\n<p>&nbsp;<\/p>\n","protected":false},"excerpt":{"rendered":"<p>Presse Artikel fra &#8220;Psykologi&#8221;: Min l\u00e6remester Artikel fra &#8220;Psykologi&#8221; \u00d8nsk. Dr\u00f8m. Lev Artikel fra\u00a0 magasinet &#8220;IN&#8221;\u00a0 5 k\u00e6rnev\u00e6rdier s\u00e6tter kursen for dit liv Se hvad jeg skriver p\u00e5 &#8220;The Meaning of Life and Following Your Personal GPS&#8220;: Se mit interview i &#8220;Your Danish Life &#8211; Your Expat Magazine&#8221;:Helene Bjerg: Want to be Happy in Denmark?&#8230;  <a class=\"excerpt-read-more\" href=\"https:\/\/helenebjerg.com\/da\/om\/\" title=\"ReadOm &#038; Presse\">Read more &raquo;<\/a><\/p>\n","protected":false},"author":3,"featured_media":0,"parent":0,"menu_order":0,"comment_status":"closed","ping_status":"closed","template":"","meta":{"_exactmetrics_skip_tracking":false,"_exactmetrics_sitenote_active":false,"_exactmetrics_sitenote_note":"","_exactmetrics_sitenote_category":0,"footnotes":""},"class_list":["post-66","page","type-page","status-publish","hentry"],"yoast_head":"<!-- This site is optimized with the Yoast SEO plugin v27.4 - https:\/\/yoast.com\/product\/yoast-seo-wordpress\/ -->\n<title>Om &amp; Presse - Helene Bjerg<\/title>\n<meta name=\"robots\" content=\"index, follow, max-snippet:-1, max-image-preview:large, max-video-preview:-1\" \/>\n<link rel=\"canonical\" href=\"https:\/\/helenebjerg.com\/da\/om\/\" \/>\n<meta property=\"og:locale\" content=\"da_DK\" \/>\n<meta property=\"og:type\" content=\"article\" \/>\n<meta property=\"og:title\" content=\"Om &amp; Presse - Helene Bjerg\" \/>\n<meta property=\"og:description\" content=\"Presse Artikel fra &#8220;Psykologi&#8221;: Min l\u00e6remester Artikel fra &#8220;Psykologi&#8221; \u00d8nsk. Dr\u00f8m. Lev Artikel fra\u00a0 magasinet &#8220;IN&#8221;\u00a0 5 k\u00e6rnev\u00e6rdier s\u00e6tter kursen for dit liv Se hvad jeg skriver p\u00e5 &#8220;The Meaning of Life and Following Your Personal GPS&#8220;: Se mit interview i &#8220;Your Danish Life &#8211; Your Expat Magazine&#8221;:Helene Bjerg: Want to be Happy in Denmark?... Read more &raquo;\" \/>\n<meta property=\"og:url\" content=\"https:\/\/helenebjerg.com\/da\/om\/\" \/>\n<meta property=\"og:site_name\" content=\"Helene Bjerg\" \/>\n<meta property=\"article:modified_time\" content=\"2024-03-16T10:17:25+00:00\" \/>\n<meta name=\"twitter:card\" content=\"summary_large_image\" \/>\n<meta name=\"twitter:site\" content=\"@bjerghelene\" \/>\n<meta name=\"twitter:label1\" content=\"Estimeret l\u00e6setid\" \/>\n\t<meta name=\"twitter:data1\" content=\"1 minut\" \/>\n<script type=\"application\/ld+json\" class=\"yoast-schema-graph\">{\"@context\":\"https:\\\/\\\/schema.org\",\"@graph\":[{\"@type\":\"WebPage\",\"@id\":\"https:\\\/\\\/helenebjerg.com\\\/da\\\/om\\\/\",\"url\":\"https:\\\/\\\/helenebjerg.com\\\/da\\\/om\\\/\",\"name\":\"Om & Presse - Helene Bjerg\",\"isPartOf\":{\"@id\":\"https:\\\/\\\/helenebjerg.com\\\/#website\"},\"datePublished\":\"2013-12-18T13:19:31+00:00\",\"dateModified\":\"2024-03-16T10:17:25+00:00\",\"breadcrumb\":{\"@id\":\"https:\\\/\\\/helenebjerg.com\\\/da\\\/om\\\/#breadcrumb\"},\"inLanguage\":\"da-DK\",\"potentialAction\":[{\"@type\":\"ReadAction\",\"target\":[\"https:\\\/\\\/helenebjerg.com\\\/da\\\/om\\\/\"]}]},{\"@type\":\"BreadcrumbList\",\"@id\":\"https:\\\/\\\/helenebjerg.com\\\/da\\\/om\\\/#breadcrumb\",\"itemListElement\":[{\"@type\":\"ListItem\",\"position\":1,\"name\":\"Home\",\"item\":\"https:\\\/\\\/helenebjerg.com\\\/da\\\/\"},{\"@type\":\"ListItem\",\"position\":2,\"name\":\"Om &#038; Presse\"}]},{\"@type\":\"WebSite\",\"@id\":\"https:\\\/\\\/helenebjerg.com\\\/#website\",\"url\":\"https:\\\/\\\/helenebjerg.com\\\/\",\"name\":\"Helene Bjerg\",\"description\":\"Executive Coach &amp; Advisor\",\"publisher\":{\"@id\":\"https:\\\/\\\/helenebjerg.com\\\/#\\\/schema\\\/person\\\/0e8025f4a38c98e3892d2f1ede2d2242\"},\"alternateName\":\"Executive Coaching\",\"potentialAction\":[{\"@type\":\"SearchAction\",\"target\":{\"@type\":\"EntryPoint\",\"urlTemplate\":\"https:\\\/\\\/helenebjerg.com\\\/?s={search_term_string}\"},\"query-input\":{\"@type\":\"PropertyValueSpecification\",\"valueRequired\":true,\"valueName\":\"search_term_string\"}}],\"inLanguage\":\"da-DK\"},{\"@type\":[\"Person\",\"Organization\"],\"@id\":\"https:\\\/\\\/helenebjerg.com\\\/#\\\/schema\\\/person\\\/0e8025f4a38c98e3892d2f1ede2d2242\",\"name\":\"Helene Bjerg\",\"image\":{\"@type\":\"ImageObject\",\"inLanguage\":\"da-DK\",\"@id\":\"https:\\\/\\\/helenebjerg.com\\\/wp-content\\\/uploads\\\/2017\\\/01\\\/Helene-Bjerg_blog-website_2017.jpg\",\"url\":\"https:\\\/\\\/helenebjerg.com\\\/wp-content\\\/uploads\\\/2017\\\/01\\\/Helene-Bjerg_blog-website_2017.jpg\",\"contentUrl\":\"https:\\\/\\\/helenebjerg.com\\\/wp-content\\\/uploads\\\/2017\\\/01\\\/Helene-Bjerg_blog-website_2017.jpg\",\"width\":579,\"height\":513,\"caption\":\"Helene Bjerg\"},\"logo\":{\"@id\":\"https:\\\/\\\/helenebjerg.com\\\/wp-content\\\/uploads\\\/2017\\\/01\\\/Helene-Bjerg_blog-website_2017.jpg\"}}]}<\/script>\n<!-- \/ Yoast SEO plugin. -->","yoast_head_json":{"title":"Om & Presse - Helene Bjerg","robots":{"index":"index","follow":"follow","max-snippet":"max-snippet:-1","max-image-preview":"max-image-preview:large","max-video-preview":"max-video-preview:-1"},"canonical":"https:\/\/helenebjerg.com\/da\/om\/","og_locale":"da_DK","og_type":"article","og_title":"Om & Presse - Helene Bjerg","og_description":"Presse Artikel fra &#8220;Psykologi&#8221;: Min l\u00e6remester Artikel fra &#8220;Psykologi&#8221; \u00d8nsk. Dr\u00f8m. Lev Artikel fra\u00a0 magasinet &#8220;IN&#8221;\u00a0 5 k\u00e6rnev\u00e6rdier s\u00e6tter kursen for dit liv Se hvad jeg skriver p\u00e5 &#8220;The Meaning of Life and Following Your Personal GPS&#8220;: Se mit interview i &#8220;Your Danish Life &#8211; Your Expat Magazine&#8221;:Helene Bjerg: Want to be Happy in Denmark?... Read more &raquo;","og_url":"https:\/\/helenebjerg.com\/da\/om\/","og_site_name":"Helene Bjerg","article_modified_time":"2024-03-16T10:17:25+00:00","twitter_card":"summary_large_image","twitter_site":"@bjerghelene","twitter_misc":{"Estimeret l\u00e6setid":"1 minut"},"schema":{"@context":"https:\/\/schema.org","@graph":[{"@type":"WebPage","@id":"https:\/\/helenebjerg.com\/da\/om\/","url":"https:\/\/helenebjerg.com\/da\/om\/","name":"Om & Presse - Helene Bjerg","isPartOf":{"@id":"https:\/\/helenebjerg.com\/#website"},"datePublished":"2013-12-18T13:19:31+00:00","dateModified":"2024-03-16T10:17:25+00:00","breadcrumb":{"@id":"https:\/\/helenebjerg.com\/da\/om\/#breadcrumb"},"inLanguage":"da-DK","potentialAction":[{"@type":"ReadAction","target":["https:\/\/helenebjerg.com\/da\/om\/"]}]},{"@type":"BreadcrumbList","@id":"https:\/\/helenebjerg.com\/da\/om\/#breadcrumb","itemListElement":[{"@type":"ListItem","position":1,"name":"Home","item":"https:\/\/helenebjerg.com\/da\/"},{"@type":"ListItem","position":2,"name":"Om &#038; Presse"}]},{"@type":"WebSite","@id":"https:\/\/helenebjerg.com\/#website","url":"https:\/\/helenebjerg.com\/","name":"Helene Bjerg","description":"Executive Coach &amp; Advisor","publisher":{"@id":"https:\/\/helenebjerg.com\/#\/schema\/person\/0e8025f4a38c98e3892d2f1ede2d2242"},"alternateName":"Executive Coaching","potentialAction":[{"@type":"SearchAction","target":{"@type":"EntryPoint","urlTemplate":"https:\/\/helenebjerg.com\/?s={search_term_string}"},"query-input":{"@type":"PropertyValueSpecification","valueRequired":true,"valueName":"search_term_string"}}],"inLanguage":"da-DK"},{"@type":["Person","Organization"],"@id":"https:\/\/helenebjerg.com\/#\/schema\/person\/0e8025f4a38c98e3892d2f1ede2d2242","name":"Helene Bjerg","image":{"@type":"ImageObject","inLanguage":"da-DK","@id":"https:\/\/helenebjerg.com\/wp-content\/uploads\/2017\/01\/Helene-Bjerg_blog-website_2017.jpg","url":"https:\/\/helenebjerg.com\/wp-content\/uploads\/2017\/01\/Helene-Bjerg_blog-website_2017.jpg","contentUrl":"https:\/\/helenebjerg.com\/wp-content\/uploads\/2017\/01\/Helene-Bjerg_blog-website_2017.jpg","width":579,"height":513,"caption":"Helene Bjerg"},"logo":{"@id":"https:\/\/helenebjerg.com\/wp-content\/uploads\/2017\/01\/Helene-Bjerg_blog-website_2017.jpg"}}]}},"jetpack_sharing_enabled":true,"_links":{"self":[{"href":"https:\/\/helenebjerg.com\/da\/wp-json\/wp\/v2\/pages\/66","targetHints":{"allow":["GET"]}}],"collection":[{"href":"https:\/\/helenebjerg.com\/da\/wp-json\/wp\/v2\/pages"}],"about":[{"href":"https:\/\/helenebjerg.com\/da\/wp-json\/wp\/v2\/types\/page"}],"author":[{"embeddable":true,"href":"https:\/\/helenebjerg.com\/da\/wp-json\/wp\/v2\/users\/3"}],"replies":[{"embeddable":true,"href":"https:\/\/helenebjerg.com\/da\/wp-json\/wp\/v2\/comments?post=66"}],"version-history":[{"count":0,"href":"https:\/\/helenebjerg.com\/da\/wp-json\/wp\/v2\/pages\/66\/revisions"}],"wp:attachment":[{"href":"https:\/\/helenebjerg.com\/da\/wp-json\/wp\/v2\/media?parent=66"}],"curies":[{"name":"wp","href":"https:\/\/api.w.org\/{rel}","templated":true}]}}