{"id":67,"date":"2013-12-18T13:18:51","date_gmt":"2013-12-18T13:18:51","guid":{"rendered":"http:\/\/helenebjergcom.wpengine.com\/organisatorisk-transformation-2\/"},"modified":"2014-09-26T09:27:23","modified_gmt":"2014-09-26T09:27:23","slug":"akademi-for-fremtidens-leder","status":"publish","type":"page","link":"https:\/\/helenebjerg.com\/da\/akademi-for-fremtidens-leder\/","title":{"rendered":"Akademi for Fremtidens leder"},"content":{"rendered":"<p><strong>Bringer dine nuv\u00e6rende v\u00e6rkt\u00f8jer og\u00a0 forst\u00e5else ikke de pr\u00e6stationer, du \u00f8nsker?\u00a0<\/strong><\/p>\n<p><strong>Oplever du, at der er mere til ledelse end hvad du i \u00f8jeblikket praktiserer?\u00a0 \u00a0\u00a0<\/strong><\/p>\n<p>&nbsp;<\/p>\n<p>Med Akademi for Fremtidens leder vil du i en gruppe med andre ledere f\u00e5 indsigt og v\u00e6rkt\u00f8jer, der vil tage dit lederskab til det n\u00e6ste niveau. Du vil blive den inspirerede leder andre \u00f8nsker at f\u00f8lge.<\/p>\n<p>&nbsp;<\/p>\n<p><strong>Akademi for Fremtidens leder er for dig, hvis du eller dit team, vil:<\/strong><\/p>\n<ul>\n<li>Folde dig ud og tage dit lederskab til det n\u00e6ste niveau<\/li>\n<li>Have et arbejdsliv, der er bygget op omkring, hvad der er mest vigtigt for dig<\/li>\n<li>Arbejde fra et sted, hvor du f\u00f8ler dig inspireret<\/li>\n<li>Stimulere dit mod<\/li>\n<li>Lede med lethed og enkelhed<\/li>\n<li>G\u00f8re personlig l\u00e6ring til en integreret del af dit lederskab<\/li>\n<\/ul>\n<p>&nbsp;<\/p>\n<p><strong>Format<\/strong><\/p>\n<p>l Akademi for Fremtidens leder vil du igangs\u00e6tte en personlig udviklingsproces sammen med andre erfarne ledere og direkt\u00f8rer i grupper p\u00e5 6-12 personer. Processen er bygget op omkring komponenterne fra personlig Executive Coaching bragt ind i en gruppesammenh\u00e6ng. Akademi for Fremtidens leder giver dig adgang til skr\u00e6ddersyet personlig l\u00e6ring, samtidig med at du f\u00e5r mulighed for at dele erfaringer med andre i samme proces.<\/p>\n<p>Du kan enten deltage i Akademi for Fremtidens leder som et allerede etableret team fra din organisation, eller du kan tilmelde dig som enkeltperson og deltage i en \u00e5ben gruppe. De \u00e5bne grupper er fortrolige, og best\u00e5r af ikke-konkurrerende, ligesindede ledere, p\u00e5 tv\u00e6rs af fag og sektorer. (For mere information kontakt <a href=\"mailto:helene@helenebjerg.dk\">helene@helenebjerg.com)<\/a><\/p>\n<p>N\u00e5r du deltagere i Akademi for Fremtidens leder , forpligter du dig til at deltage i 6-8 m\u00f8der \/ workshops i l\u00f8bet af et \u00e5r, som hver vil vare \u00e9n dag. M\u00f8derne kan omfatte en bes\u00f8g af en ekspert, og din gruppe vil arbejde sammen om individuelle case-studier med udfordringer eller muligheder fra eget arbejdsliv.<\/p>\n","protected":false},"excerpt":{"rendered":"<p>Bringer dine nuv\u00e6rende v\u00e6rkt\u00f8jer og\u00a0 forst\u00e5else ikke de pr\u00e6stationer, du \u00f8nsker?\u00a0 Oplever du, at der er mere til ledelse end hvad du i \u00f8jeblikket praktiserer?\u00a0 \u00a0\u00a0 &nbsp; Med Akademi for Fremtidens leder vil du i en gruppe med andre ledere f\u00e5 indsigt og v\u00e6rkt\u00f8jer, der vil tage dit lederskab til det n\u00e6ste niveau. Du vil&#8230;  <a class=\"excerpt-read-more\" href=\"https:\/\/helenebjerg.com\/da\/akademi-for-fremtidens-leder\/\" title=\"ReadAkademi for Fremtidens leder\">Read more &raquo;<\/a><\/p>\n","protected":false},"author":3,"featured_media":0,"parent":0,"menu_order":0,"comment_status":"open","ping_status":"open","template":"page-blog.php","meta":{"_exactmetrics_skip_tracking":false,"_exactmetrics_sitenote_active":false,"_exactmetrics_sitenote_note":"","_exactmetrics_sitenote_category":0,"footnotes":""},"class_list":["post-67","page","type-page","status-publish","hentry"],"yoast_head":"<!-- This site is optimized with the Yoast SEO plugin v27.4 - https:\/\/yoast.com\/product\/yoast-seo-wordpress\/ -->\n<title>Akademi for Fremtidens leder - Helene Bjerg<\/title>\n<meta name=\"robots\" content=\"index, follow, max-snippet:-1, max-image-preview:large, max-video-preview:-1\" \/>\n<link rel=\"canonical\" href=\"https:\/\/helenebjerg.com\/da\/akademi-for-fremtidens-leder\/\" \/>\n<meta property=\"og:locale\" content=\"da_DK\" \/>\n<meta property=\"og:type\" content=\"article\" \/>\n<meta property=\"og:title\" content=\"Akademi for Fremtidens leder - Helene Bjerg\" \/>\n<meta property=\"og:description\" content=\"Bringer dine nuv\u00e6rende v\u00e6rkt\u00f8jer og\u00a0 forst\u00e5else ikke de pr\u00e6stationer, du \u00f8nsker?\u00a0 Oplever du, at der er mere til ledelse end hvad du i \u00f8jeblikket praktiserer?\u00a0 \u00a0\u00a0 &nbsp; Med Akademi for Fremtidens leder vil du i en gruppe med andre ledere f\u00e5 indsigt og v\u00e6rkt\u00f8jer, der vil tage dit lederskab til det n\u00e6ste niveau. Du vil... Read more &raquo;\" \/>\n<meta property=\"og:url\" content=\"https:\/\/helenebjerg.com\/da\/akademi-for-fremtidens-leder\/\" \/>\n<meta property=\"og:site_name\" content=\"Helene Bjerg\" \/>\n<meta property=\"article:modified_time\" content=\"2014-09-26T09:27:23+00:00\" \/>\n<meta name=\"twitter:card\" content=\"summary_large_image\" \/>\n<meta name=\"twitter:site\" content=\"@bjerghelene\" \/>\n<meta name=\"twitter:label1\" content=\"Estimeret l\u00e6setid\" \/>\n\t<meta name=\"twitter:data1\" content=\"2 minutter\" \/>\n<script type=\"application\/ld+json\" class=\"yoast-schema-graph\">{\"@context\":\"https:\\\/\\\/schema.org\",\"@graph\":[{\"@type\":\"WebPage\",\"@id\":\"https:\\\/\\\/helenebjerg.com\\\/da\\\/akademi-for-fremtidens-leder\\\/\",\"url\":\"https:\\\/\\\/helenebjerg.com\\\/da\\\/akademi-for-fremtidens-leder\\\/\",\"name\":\"Akademi for Fremtidens leder - Helene Bjerg\",\"isPartOf\":{\"@id\":\"https:\\\/\\\/helenebjerg.com\\\/#website\"},\"datePublished\":\"2013-12-18T13:18:51+00:00\",\"dateModified\":\"2014-09-26T09:27:23+00:00\",\"breadcrumb\":{\"@id\":\"https:\\\/\\\/helenebjerg.com\\\/da\\\/akademi-for-fremtidens-leder\\\/#breadcrumb\"},\"inLanguage\":\"da-DK\",\"potentialAction\":[{\"@type\":\"ReadAction\",\"target\":[\"https:\\\/\\\/helenebjerg.com\\\/da\\\/akademi-for-fremtidens-leder\\\/\"]}]},{\"@type\":\"BreadcrumbList\",\"@id\":\"https:\\\/\\\/helenebjerg.com\\\/da\\\/akademi-for-fremtidens-leder\\\/#breadcrumb\",\"itemListElement\":[{\"@type\":\"ListItem\",\"position\":1,\"name\":\"Home\",\"item\":\"https:\\\/\\\/helenebjerg.com\\\/da\\\/\"},{\"@type\":\"ListItem\",\"position\":2,\"name\":\"Akademi for Fremtidens leder\"}]},{\"@type\":\"WebSite\",\"@id\":\"https:\\\/\\\/helenebjerg.com\\\/#website\",\"url\":\"https:\\\/\\\/helenebjerg.com\\\/\",\"name\":\"Helene Bjerg\",\"description\":\"Executive Coach &amp; Advisor\",\"publisher\":{\"@id\":\"https:\\\/\\\/helenebjerg.com\\\/#\\\/schema\\\/person\\\/0e8025f4a38c98e3892d2f1ede2d2242\"},\"alternateName\":\"Executive Coaching\",\"potentialAction\":[{\"@type\":\"SearchAction\",\"target\":{\"@type\":\"EntryPoint\",\"urlTemplate\":\"https:\\\/\\\/helenebjerg.com\\\/?s={search_term_string}\"},\"query-input\":{\"@type\":\"PropertyValueSpecification\",\"valueRequired\":true,\"valueName\":\"search_term_string\"}}],\"inLanguage\":\"da-DK\"},{\"@type\":[\"Person\",\"Organization\"],\"@id\":\"https:\\\/\\\/helenebjerg.com\\\/#\\\/schema\\\/person\\\/0e8025f4a38c98e3892d2f1ede2d2242\",\"name\":\"Helene Bjerg\",\"image\":{\"@type\":\"ImageObject\",\"inLanguage\":\"da-DK\",\"@id\":\"https:\\\/\\\/helenebjerg.com\\\/wp-content\\\/uploads\\\/2017\\\/01\\\/Helene-Bjerg_blog-website_2017.jpg\",\"url\":\"https:\\\/\\\/helenebjerg.com\\\/wp-content\\\/uploads\\\/2017\\\/01\\\/Helene-Bjerg_blog-website_2017.jpg\",\"contentUrl\":\"https:\\\/\\\/helenebjerg.com\\\/wp-content\\\/uploads\\\/2017\\\/01\\\/Helene-Bjerg_blog-website_2017.jpg\",\"width\":579,\"height\":513,\"caption\":\"Helene Bjerg\"},\"logo\":{\"@id\":\"https:\\\/\\\/helenebjerg.com\\\/wp-content\\\/uploads\\\/2017\\\/01\\\/Helene-Bjerg_blog-website_2017.jpg\"}}]}<\/script>\n<!-- \/ Yoast SEO plugin. -->","yoast_head_json":{"title":"Akademi for Fremtidens leder - Helene Bjerg","robots":{"index":"index","follow":"follow","max-snippet":"max-snippet:-1","max-image-preview":"max-image-preview:large","max-video-preview":"max-video-preview:-1"},"canonical":"https:\/\/helenebjerg.com\/da\/akademi-for-fremtidens-leder\/","og_locale":"da_DK","og_type":"article","og_title":"Akademi for Fremtidens leder - Helene Bjerg","og_description":"Bringer dine nuv\u00e6rende v\u00e6rkt\u00f8jer og\u00a0 forst\u00e5else ikke de pr\u00e6stationer, du \u00f8nsker?\u00a0 Oplever du, at der er mere til ledelse end hvad du i \u00f8jeblikket praktiserer?\u00a0 \u00a0\u00a0 &nbsp; Med Akademi for Fremtidens leder vil du i en gruppe med andre ledere f\u00e5 indsigt og v\u00e6rkt\u00f8jer, der vil tage dit lederskab til det n\u00e6ste niveau. Du vil... Read more &raquo;","og_url":"https:\/\/helenebjerg.com\/da\/akademi-for-fremtidens-leder\/","og_site_name":"Helene Bjerg","article_modified_time":"2014-09-26T09:27:23+00:00","twitter_card":"summary_large_image","twitter_site":"@bjerghelene","twitter_misc":{"Estimeret l\u00e6setid":"2 minutter"},"schema":{"@context":"https:\/\/schema.org","@graph":[{"@type":"WebPage","@id":"https:\/\/helenebjerg.com\/da\/akademi-for-fremtidens-leder\/","url":"https:\/\/helenebjerg.com\/da\/akademi-for-fremtidens-leder\/","name":"Akademi for Fremtidens leder - Helene Bjerg","isPartOf":{"@id":"https:\/\/helenebjerg.com\/#website"},"datePublished":"2013-12-18T13:18:51+00:00","dateModified":"2014-09-26T09:27:23+00:00","breadcrumb":{"@id":"https:\/\/helenebjerg.com\/da\/akademi-for-fremtidens-leder\/#breadcrumb"},"inLanguage":"da-DK","potentialAction":[{"@type":"ReadAction","target":["https:\/\/helenebjerg.com\/da\/akademi-for-fremtidens-leder\/"]}]},{"@type":"BreadcrumbList","@id":"https:\/\/helenebjerg.com\/da\/akademi-for-fremtidens-leder\/#breadcrumb","itemListElement":[{"@type":"ListItem","position":1,"name":"Home","item":"https:\/\/helenebjerg.com\/da\/"},{"@type":"ListItem","position":2,"name":"Akademi for Fremtidens leder"}]},{"@type":"WebSite","@id":"https:\/\/helenebjerg.com\/#website","url":"https:\/\/helenebjerg.com\/","name":"Helene Bjerg","description":"Executive Coach &amp; Advisor","publisher":{"@id":"https:\/\/helenebjerg.com\/#\/schema\/person\/0e8025f4a38c98e3892d2f1ede2d2242"},"alternateName":"Executive Coaching","potentialAction":[{"@type":"SearchAction","target":{"@type":"EntryPoint","urlTemplate":"https:\/\/helenebjerg.com\/?s={search_term_string}"},"query-input":{"@type":"PropertyValueSpecification","valueRequired":true,"valueName":"search_term_string"}}],"inLanguage":"da-DK"},{"@type":["Person","Organization"],"@id":"https:\/\/helenebjerg.com\/#\/schema\/person\/0e8025f4a38c98e3892d2f1ede2d2242","name":"Helene Bjerg","image":{"@type":"ImageObject","inLanguage":"da-DK","@id":"https:\/\/helenebjerg.com\/wp-content\/uploads\/2017\/01\/Helene-Bjerg_blog-website_2017.jpg","url":"https:\/\/helenebjerg.com\/wp-content\/uploads\/2017\/01\/Helene-Bjerg_blog-website_2017.jpg","contentUrl":"https:\/\/helenebjerg.com\/wp-content\/uploads\/2017\/01\/Helene-Bjerg_blog-website_2017.jpg","width":579,"height":513,"caption":"Helene Bjerg"},"logo":{"@id":"https:\/\/helenebjerg.com\/wp-content\/uploads\/2017\/01\/Helene-Bjerg_blog-website_2017.jpg"}}]}},"jetpack_sharing_enabled":true,"_links":{"self":[{"href":"https:\/\/helenebjerg.com\/da\/wp-json\/wp\/v2\/pages\/67","targetHints":{"allow":["GET"]}}],"collection":[{"href":"https:\/\/helenebjerg.com\/da\/wp-json\/wp\/v2\/pages"}],"about":[{"href":"https:\/\/helenebjerg.com\/da\/wp-json\/wp\/v2\/types\/page"}],"author":[{"embeddable":true,"href":"https:\/\/helenebjerg.com\/da\/wp-json\/wp\/v2\/users\/3"}],"replies":[{"embeddable":true,"href":"https:\/\/helenebjerg.com\/da\/wp-json\/wp\/v2\/comments?post=67"}],"version-history":[{"count":0,"href":"https:\/\/helenebjerg.com\/da\/wp-json\/wp\/v2\/pages\/67\/revisions"}],"wp:attachment":[{"href":"https:\/\/helenebjerg.com\/da\/wp-json\/wp\/v2\/media?parent=67"}],"curies":[{"name":"wp","href":"https:\/\/api.w.org\/{rel}","templated":true}]}}