{"id":70,"date":"2013-12-18T13:16:21","date_gmt":"2013-12-18T13:16:21","guid":{"rendered":"http:\/\/helenebjergcom.wpengine.com\/velkommen-2\/"},"modified":"2025-02-20T15:48:45","modified_gmt":"2025-02-20T13:48:45","slug":"velkommen","status":"publish","type":"page","link":"https:\/\/helenebjerg.com\/da\/","title":{"rendered":"Velkommen"},"content":{"rendered":"<p>Har du opn\u00e5et de resultater og den succes du gerne ville, men har du alligevel sv\u00e6rt ved at finde engagement og energi?<\/p>\n<p>Har du s\u00e5 travl en hverdag, at det er sv\u00e6rt at f\u00e5 \u00f8je p\u00e5, hvor du er p\u00e5 vej hen, eller hvad der er vigtigst for dig? Og l\u00e6nges du efter mere frihed?<\/p>\n<p>Ved at styrke din indre styring og fokusere p\u00e5 dine ressourcer og succeser frig\u00f8rer du ny energi, og baner vejen for en ny m\u00e5de at bruge dig selv\u00a0 &#8211; og din organisation p\u00e5.<\/p>\n<p>Sammen \u00e5bner vi muligheden for en transformation af dig eller din organisation,\u00a0der bringer jer til et niveau, du kun havde turdet dr\u00f8mme om.<\/p>\n<p>Gennem \u00e6rlig og ligefrem coaching <a href=\"https:\/\/helenebjerg.com\/da\/\">(ansigt til ansigt eller via skype\/zoom)<\/a> og r\u00e5dgivning f\u00e5r du her den udfordring og st\u00f8tte, der skal til for at finde nye veje mod dine m\u00e5l<\/p>\n<h3>Se omtale i pressen <a href=\"https:\/\/helenebjerg.com\/da\/om\/\">her<\/a><\/h3>\n<h3><strong>F\u00f8lg mig eller se en pr\u00e6sentation af mig p\u00e5 <a href=\"https:\/\/www.youtube.com\/watch?v=4-Ah5iOLQ_g\">YouTube<\/a><\/strong><\/h3>\n<h3><strong>F\u00f8lg mig p\u00e5 <a href=\"https:\/\/www.tiktok.com\/@yourpersonalgps?is_from_webapp=1&amp;sender_device=pc\">TikTok<\/a><\/strong><\/h3>\n<h2><strong>Se mere om min nyeste bog:<\/strong><\/h2>\n<h2><a href=\"https:\/\/helenebjerg.com\/books\/\">KEND DIT ST\u00c5STED og g\u00f8r det til din personlige GPS<\/a><\/h2>\n","protected":false},"excerpt":{"rendered":"<p>Har du opn\u00e5et de resultater og den succes du gerne ville, men har du alligevel sv\u00e6rt ved at finde engagement og energi? Har du s\u00e5 travl en hverdag, at det er sv\u00e6rt at f\u00e5 \u00f8je p\u00e5, hvor du er p\u00e5 vej hen, eller hvad der er vigtigst for dig? Og l\u00e6nges du efter mere frihed?&#8230;  <a class=\"excerpt-read-more\" href=\"https:\/\/helenebjerg.com\/da\/\" title=\"ReadVelkommen\">Read more &raquo;<\/a><\/p>\n","protected":false},"author":3,"featured_media":0,"parent":0,"menu_order":0,"comment_status":"closed","ping_status":"closed","template":"page-velkommen.php","meta":{"_exactmetrics_skip_tracking":false,"_exactmetrics_sitenote_active":false,"_exactmetrics_sitenote_note":"","_exactmetrics_sitenote_category":0,"footnotes":""},"class_list":["post-70","page","type-page","status-publish","hentry"],"yoast_head":"<!-- This site is optimized with the Yoast SEO plugin v27.3 - https:\/\/yoast.com\/product\/yoast-seo-wordpress\/ -->\n<title>Velkommen - Helene Bjerg<\/title>\n<meta name=\"robots\" content=\"index, follow, max-snippet:-1, max-image-preview:large, max-video-preview:-1\" \/>\n<link rel=\"canonical\" href=\"https:\/\/helenebjerg.com\/da\/\" \/>\n<meta property=\"og:locale\" content=\"da_DK\" \/>\n<meta property=\"og:type\" content=\"article\" \/>\n<meta property=\"og:title\" content=\"Velkommen - Helene Bjerg\" \/>\n<meta property=\"og:description\" content=\"Har du opn\u00e5et de resultater og den succes du gerne ville, men har du alligevel sv\u00e6rt ved at finde engagement og energi? Har du s\u00e5 travl en hverdag, at det er sv\u00e6rt at f\u00e5 \u00f8je p\u00e5, hvor du er p\u00e5 vej hen, eller hvad der er vigtigst for dig? Og l\u00e6nges du efter mere frihed?... Read more &raquo;\" \/>\n<meta property=\"og:url\" content=\"https:\/\/helenebjerg.com\/da\/\" \/>\n<meta property=\"og:site_name\" content=\"Helene Bjerg\" \/>\n<meta property=\"article:modified_time\" content=\"2025-02-20T13:48:45+00:00\" \/>\n<meta name=\"twitter:card\" content=\"summary_large_image\" \/>\n<meta name=\"twitter:site\" content=\"@bjerghelene\" \/>\n<meta name=\"twitter:label1\" content=\"Estimeret l\u00e6setid\" \/>\n\t<meta name=\"twitter:data1\" content=\"1 minut\" \/>\n<script type=\"application\/ld+json\" class=\"yoast-schema-graph\">{\"@context\":\"https:\\\/\\\/schema.org\",\"@graph\":[{\"@type\":\"WebPage\",\"@id\":\"https:\\\/\\\/helenebjerg.com\\\/da\\\/\",\"url\":\"https:\\\/\\\/helenebjerg.com\\\/da\\\/\",\"name\":\"Velkommen - Helene Bjerg\",\"isPartOf\":{\"@id\":\"https:\\\/\\\/helenebjerg.com\\\/#website\"},\"datePublished\":\"2013-12-18T13:16:21+00:00\",\"dateModified\":\"2025-02-20T13:48:45+00:00\",\"breadcrumb\":{\"@id\":\"https:\\\/\\\/helenebjerg.com\\\/da\\\/#breadcrumb\"},\"inLanguage\":\"da-DK\",\"potentialAction\":[{\"@type\":\"ReadAction\",\"target\":[\"https:\\\/\\\/helenebjerg.com\\\/da\\\/\"]}]},{\"@type\":\"BreadcrumbList\",\"@id\":\"https:\\\/\\\/helenebjerg.com\\\/da\\\/#breadcrumb\",\"itemListElement\":[{\"@type\":\"ListItem\",\"position\":1,\"name\":\"Home\",\"item\":\"https:\\\/\\\/helenebjerg.com\\\/da\\\/\"},{\"@type\":\"ListItem\",\"position\":2,\"name\":\"Velkommen\"}]},{\"@type\":\"WebSite\",\"@id\":\"https:\\\/\\\/helenebjerg.com\\\/#website\",\"url\":\"https:\\\/\\\/helenebjerg.com\\\/\",\"name\":\"Helene Bjerg\",\"description\":\"Executive Coach &amp; Advisor\",\"publisher\":{\"@id\":\"https:\\\/\\\/helenebjerg.com\\\/#\\\/schema\\\/person\\\/0e8025f4a38c98e3892d2f1ede2d2242\"},\"alternateName\":\"Executive Coaching\",\"potentialAction\":[{\"@type\":\"SearchAction\",\"target\":{\"@type\":\"EntryPoint\",\"urlTemplate\":\"https:\\\/\\\/helenebjerg.com\\\/?s={search_term_string}\"},\"query-input\":{\"@type\":\"PropertyValueSpecification\",\"valueRequired\":true,\"valueName\":\"search_term_string\"}}],\"inLanguage\":\"da-DK\"},{\"@type\":[\"Person\",\"Organization\"],\"@id\":\"https:\\\/\\\/helenebjerg.com\\\/#\\\/schema\\\/person\\\/0e8025f4a38c98e3892d2f1ede2d2242\",\"name\":\"Helene Bjerg\",\"image\":{\"@type\":\"ImageObject\",\"inLanguage\":\"da-DK\",\"@id\":\"https:\\\/\\\/helenebjerg.com\\\/wp-content\\\/uploads\\\/2017\\\/01\\\/Helene-Bjerg_blog-website_2017.jpg\",\"url\":\"https:\\\/\\\/helenebjerg.com\\\/wp-content\\\/uploads\\\/2017\\\/01\\\/Helene-Bjerg_blog-website_2017.jpg\",\"contentUrl\":\"https:\\\/\\\/helenebjerg.com\\\/wp-content\\\/uploads\\\/2017\\\/01\\\/Helene-Bjerg_blog-website_2017.jpg\",\"width\":579,\"height\":513,\"caption\":\"Helene Bjerg\"},\"logo\":{\"@id\":\"https:\\\/\\\/helenebjerg.com\\\/wp-content\\\/uploads\\\/2017\\\/01\\\/Helene-Bjerg_blog-website_2017.jpg\"}}]}<\/script>\n<!-- \/ Yoast SEO plugin. -->","yoast_head_json":{"title":"Velkommen - Helene Bjerg","robots":{"index":"index","follow":"follow","max-snippet":"max-snippet:-1","max-image-preview":"max-image-preview:large","max-video-preview":"max-video-preview:-1"},"canonical":"https:\/\/helenebjerg.com\/da\/","og_locale":"da_DK","og_type":"article","og_title":"Velkommen - Helene Bjerg","og_description":"Har du opn\u00e5et de resultater og den succes du gerne ville, men har du alligevel sv\u00e6rt ved at finde engagement og energi? Har du s\u00e5 travl en hverdag, at det er sv\u00e6rt at f\u00e5 \u00f8je p\u00e5, hvor du er p\u00e5 vej hen, eller hvad der er vigtigst for dig? Og l\u00e6nges du efter mere frihed?... Read more &raquo;","og_url":"https:\/\/helenebjerg.com\/da\/","og_site_name":"Helene Bjerg","article_modified_time":"2025-02-20T13:48:45+00:00","twitter_card":"summary_large_image","twitter_site":"@bjerghelene","twitter_misc":{"Estimeret l\u00e6setid":"1 minut"},"schema":{"@context":"https:\/\/schema.org","@graph":[{"@type":"WebPage","@id":"https:\/\/helenebjerg.com\/da\/","url":"https:\/\/helenebjerg.com\/da\/","name":"Velkommen - Helene Bjerg","isPartOf":{"@id":"https:\/\/helenebjerg.com\/#website"},"datePublished":"2013-12-18T13:16:21+00:00","dateModified":"2025-02-20T13:48:45+00:00","breadcrumb":{"@id":"https:\/\/helenebjerg.com\/da\/#breadcrumb"},"inLanguage":"da-DK","potentialAction":[{"@type":"ReadAction","target":["https:\/\/helenebjerg.com\/da\/"]}]},{"@type":"BreadcrumbList","@id":"https:\/\/helenebjerg.com\/da\/#breadcrumb","itemListElement":[{"@type":"ListItem","position":1,"name":"Home","item":"https:\/\/helenebjerg.com\/da\/"},{"@type":"ListItem","position":2,"name":"Velkommen"}]},{"@type":"WebSite","@id":"https:\/\/helenebjerg.com\/#website","url":"https:\/\/helenebjerg.com\/","name":"Helene Bjerg","description":"Executive Coach &amp; Advisor","publisher":{"@id":"https:\/\/helenebjerg.com\/#\/schema\/person\/0e8025f4a38c98e3892d2f1ede2d2242"},"alternateName":"Executive Coaching","potentialAction":[{"@type":"SearchAction","target":{"@type":"EntryPoint","urlTemplate":"https:\/\/helenebjerg.com\/?s={search_term_string}"},"query-input":{"@type":"PropertyValueSpecification","valueRequired":true,"valueName":"search_term_string"}}],"inLanguage":"da-DK"},{"@type":["Person","Organization"],"@id":"https:\/\/helenebjerg.com\/#\/schema\/person\/0e8025f4a38c98e3892d2f1ede2d2242","name":"Helene Bjerg","image":{"@type":"ImageObject","inLanguage":"da-DK","@id":"https:\/\/helenebjerg.com\/wp-content\/uploads\/2017\/01\/Helene-Bjerg_blog-website_2017.jpg","url":"https:\/\/helenebjerg.com\/wp-content\/uploads\/2017\/01\/Helene-Bjerg_blog-website_2017.jpg","contentUrl":"https:\/\/helenebjerg.com\/wp-content\/uploads\/2017\/01\/Helene-Bjerg_blog-website_2017.jpg","width":579,"height":513,"caption":"Helene Bjerg"},"logo":{"@id":"https:\/\/helenebjerg.com\/wp-content\/uploads\/2017\/01\/Helene-Bjerg_blog-website_2017.jpg"}}]}},"jetpack_sharing_enabled":true,"_links":{"self":[{"href":"https:\/\/helenebjerg.com\/da\/wp-json\/wp\/v2\/pages\/70","targetHints":{"allow":["GET"]}}],"collection":[{"href":"https:\/\/helenebjerg.com\/da\/wp-json\/wp\/v2\/pages"}],"about":[{"href":"https:\/\/helenebjerg.com\/da\/wp-json\/wp\/v2\/types\/page"}],"author":[{"embeddable":true,"href":"https:\/\/helenebjerg.com\/da\/wp-json\/wp\/v2\/users\/3"}],"replies":[{"embeddable":true,"href":"https:\/\/helenebjerg.com\/da\/wp-json\/wp\/v2\/comments?post=70"}],"version-history":[{"count":0,"href":"https:\/\/helenebjerg.com\/da\/wp-json\/wp\/v2\/pages\/70\/revisions"}],"wp:attachment":[{"href":"https:\/\/helenebjerg.com\/da\/wp-json\/wp\/v2\/media?parent=70"}],"curies":[{"name":"wp","href":"https:\/\/api.w.org\/{rel}","templated":true}]}}