{"id":919,"date":"2023-07-24T18:33:49","date_gmt":"2023-07-24T16:33:49","guid":{"rendered":"https:\/\/helenebjerg.com\/?page_id=919"},"modified":"2023-10-15T15:36:31","modified_gmt":"2023-10-15T13:36:31","slug":"earthly-matters-baeredygtig-livsstil-indefra-og-ud","status":"publish","type":"page","link":"https:\/\/helenebjerg.com\/da\/earthly-matters-baeredygtig-livsstil-indefra-og-ud\/","title":{"rendered":"Earth(ly) Matter(s) &#8211; Sustainable living from the inside out"},"content":{"rendered":"<section class=\"testimonials entry-content clearfix\">\n<h2><a href=\"https:\/\/helenebjerg.com\/wp-content\/uploads\/2023\/09\/Helene-Bjerg-earthly-matters-website-banner-template-1024x351.jpg\"><img loading=\"lazy\" decoding=\"async\" class=\"alignnone wp-image-946 size-large\" src=\"https:\/\/helenebjerg.com\/wp-content\/uploads\/2023\/09\/Helene-Bjerg-earthly-matters-website-banner-template-1024x351.jpg\" alt=\"Earth(ly) Matter(s) - Sustainable living from the inside out book bog helene bjerg\" width=\"1024\" height=\"351\" srcset=\"https:\/\/helenebjerg.com\/wp-content\/uploads\/2023\/09\/Helene-Bjerg-earthly-matters-website-banner-template-1024x351.jpg 1024w, https:\/\/helenebjerg.com\/wp-content\/uploads\/2023\/09\/Helene-Bjerg-earthly-matters-website-banner-template-300x103.jpg 300w, https:\/\/helenebjerg.com\/wp-content\/uploads\/2023\/09\/Helene-Bjerg-earthly-matters-website-banner-template-768x263.jpg 768w, https:\/\/helenebjerg.com\/wp-content\/uploads\/2023\/09\/Helene-Bjerg-earthly-matters-website-banner-template-1536x526.jpg 1536w, https:\/\/helenebjerg.com\/wp-content\/uploads\/2023\/09\/Helene-Bjerg-earthly-matters-website-banner-template.jpg 1908w\" sizes=\"auto, (max-width: 1024px) 100vw, 1024px\" \/><\/a><\/h2>\n<h2><strong>Bestil &#8220;Earth(ly) Matter(s) &#8211; Sustainable Living From the Inside Out\u201d p\u00e5 <a href=\"https:\/\/www.saxo.com\/dk\/earthly-matters-sustainable-living-from-the-inside-out_bog_9788797457504\">Saxo.com<\/a> <\/strong><\/h2>\n<p><strong>Er du p\u00e5 jagt efter en mere b\u00e6redygtig m\u00e5de at leve p\u00e5?<\/strong><br \/>\n<strong>Hvis du er, er du ikke alene, og svaret findes inde i dig. At opn\u00e5 b\u00e6redygtig b\u00e6redygtighed starter med at genopfinde din forbindelse til dig selv, din tankegang og adf\u00e6rd. Denne bog vil l\u00e6re dig hvordan.<\/strong><\/p>\n<p><a class=\"button\" style=\"background-image: linear-gradient(to bottom, #ff6428, #ff6428); border: 1px solid #ff6428; --wp--preset--color--vivid-red: #ff6428; border-top-color: #ff6428; border-left-color: #ff6428; padding: 12px; text-decoration: none;\" href=\"https:\/\/www.saxo.com\/dk\/earthly-matters-sustainable-living-from-the-inside-out_bog_9788797457504\">BESTIL NU<\/a><\/p>\n<p>&nbsp;<\/p>\n<h2><strong>Earth(ly) Matter(s) <\/strong><\/h2>\n<h2><strong>Sustainable living from the inside out<\/strong><\/h2>\n<p>&#8230; handler om, hvordan du og jeg kan \u00e6ndre vores forbindelse med os selv p\u00e5 en m\u00e5de, der vil g\u00f8re b\u00e6redygtig levevis til den eneste m\u00e5de.<\/p>\n<p>P\u00e5 praktiske og h\u00e5ndgribelige m\u00e5der vil du blive guidet til at forbinde dig med DIT EGET \u00d8KOSYSTEM, og med denne forbindelse vil du naturligt bringe mere b\u00e6redygtighed til dig, alle omkring dig og Moder Jord.<\/p>\n<p>Ved at engagere dig i den cirkul\u00e6re proces i dit \u00f8kosystem vil du naturligt begynde at trives i den foranderlige verden, vi lever i, og \u00f8ge din &#8220;reaktionsevne&#8221; i alle livets forhold.<\/p>\n<a href=\"https:\/\/helenebjerg.com\/wp-content\/uploads\/2023\/07\/Helene-Bjerg-books-earthly-matters-e1694724277945.jpg\"><img loading=\"lazy\" decoding=\"async\" class=\"alignnone size-large wp-image-928\" src=\"https:\/\/helenebjerg.com\/wp-content\/uploads\/2023\/07\/Helene-Bjerg-books-earthly-matters-e1694724277945.jpg\" sizes=\"auto, (max-width: 1024px) 100vw, 1024px\" srcset=\"https:\/\/helenebjerg.com\/wp-content\/uploads\/2023\/07\/Helene-Bjerg-books-earthly-matters-e1694724277945.jpg 1024w, https:\/\/helenebjerg.com\/wp-content\/uploads\/2023\/07\/Helene-Bjerg-books-earthly-matters-300x195.jpg 300w, https:\/\/helenebjerg.com\/wp-content\/uploads\/2023\/07\/Helene-Bjerg-books-earthly-matters-768x500.jpg 768w, https:\/\/helenebjerg.com\/wp-content\/uploads\/2023\/07\/Helene-Bjerg-books-earthly-matters-1536x1001.jpg 1536w, https:\/\/helenebjerg.com\/wp-content\/uploads\/2023\/07\/Helene-Bjerg-books-earthly-matters.jpg 2000w\" alt=\"helene bjerg earthly matters book bog\" width=\"1024\" height=\"667\" \/><\/a>\n<h2><strong>F\u00e5 et gratis kapitel fra bogen \u2013 <\/strong><a  data-e-Disable-Page-Transition=\"true\" class=\"download-link\" title=\"\" href=\"https:\/\/helenebjerg.com\/da\/download\/986\/?tmstv=1776673808\" rel=\"nofollow\" id=\"download-link-986\" data-redirect=\"false\" >\n\tDownload Earth(ly) Matter(s) - Chapter 1\t(5305 downloads\t)\n<\/a>\n<strong>.<\/strong><\/h2>\n<h2>Se videoen<\/h2>\n<p>En kort pr\u00e6sentation af bogen Erth(ly) Matters &#8211; Sustainable living from the inside out.<\/p>\n<p><iframe loading=\"lazy\" title=\"EARTH(LY) MATTER(S) - SUSTAINABLE LIVING FROM THE INSIDE OUT - THE BOOK\" width=\"500\" height=\"281\" src=\"https:\/\/www.youtube.com\/embed\/QEkwgUyXaeA?feature=oembed\" frameborder=\"0\" allow=\"accelerometer; autoplay; clipboard-write; encrypted-media; gyroscope; picture-in-picture; web-share\" referrerpolicy=\"strict-origin-when-cross-origin\" allowfullscreen><\/iframe><\/p>\n<p>&nbsp;<\/p>\n<p><span style=\"color: #ffffff;\">&#8220;Denne bog handler om, hvordan du og jeg kan \u00e6ndre vores forbindelse med os selv p\u00e5 en m\u00e5de, der vil g\u00f8re b\u00e6redygtig levevis til den eneste m\u00e5de.<\/span><\/p>\n<p><span style=\"color: #ffffff;\">P\u00e5 praktiske og h\u00e5ndgribelige m\u00e5der vil du blive guidet til at forbinde dig med DIT EGET \u00d8KOSYSTEM, og med denne forbindelse vil du naturligt bringe mere b\u00e6redygtighed til dig, alle omkring dig og Moder Jord.<\/span><\/p>\n<p><span style=\"color: #ffffff;\">Ved at engagere dig i din \u00f8kosystems cirkul\u00e6re proces vil du naturligt begynde at trives i den foranderlige verden, vi lever i, og \u00f8ge din reaktionsevne i alle livets omst\u00e6ndigheder.<\/span><\/p>\n<p><span style=\"color: #ffffff;\">Jeg h\u00e5ber, du vil v\u00e6re med. Helene Bjerg&#8221;<\/span><\/p>\n<\/section>\n","protected":false},"excerpt":{"rendered":"<p>Bestil &#8220;Earth(ly) Matter(s) &#8211; Sustainable Living From the Inside Out\u201d p\u00e5 Saxo.com Er du p\u00e5 jagt efter en mere b\u00e6redygtig m\u00e5de at leve p\u00e5? Hvis du er, er du ikke alene, og svaret findes inde i dig. At opn\u00e5 b\u00e6redygtig b\u00e6redygtighed starter med at genopfinde din forbindelse til dig selv, din tankegang og adf\u00e6rd. Denne&#8230;  <a class=\"excerpt-read-more\" href=\"https:\/\/helenebjerg.com\/da\/earthly-matters-baeredygtig-livsstil-indefra-og-ud\/\" title=\"ReadEarth(ly) Matter(s) &#8211; Sustainable living from the inside out\">Read more &raquo;<\/a><\/p>\n","protected":false},"author":9,"featured_media":921,"parent":0,"menu_order":0,"comment_status":"closed","ping_status":"closed","template":"page-blog.php","meta":{"_exactmetrics_skip_tracking":false,"_exactmetrics_sitenote_active":false,"_exactmetrics_sitenote_note":"","_exactmetrics_sitenote_category":0,"footnotes":""},"class_list":["post-919","page","type-page","status-publish","has-post-thumbnail","hentry"],"yoast_head":"<!-- This site is optimized with the Yoast SEO plugin v27.4 - https:\/\/yoast.com\/product\/yoast-seo-wordpress\/ -->\n<title>Earth(ly) Matter(s) - Sustainable living from the inside out - Helene Bjerg<\/title>\n<meta name=\"robots\" content=\"index, follow, max-snippet:-1, max-image-preview:large, max-video-preview:-1\" \/>\n<link rel=\"canonical\" href=\"https:\/\/helenebjerg.com\/da\/earthly-matters-baeredygtig-livsstil-indefra-og-ud\/\" \/>\n<meta property=\"og:locale\" content=\"da_DK\" \/>\n<meta property=\"og:type\" content=\"article\" \/>\n<meta property=\"og:title\" content=\"Earth(ly) Matter(s) - Sustainable living from the inside out - Helene Bjerg\" \/>\n<meta property=\"og:description\" content=\"Bestil &#8220;Earth(ly) Matter(s) &#8211; Sustainable Living From the Inside Out\u201d p\u00e5 Saxo.com Er du p\u00e5 jagt efter en mere b\u00e6redygtig m\u00e5de at leve p\u00e5? Hvis du er, er du ikke alene, og svaret findes inde i dig. At opn\u00e5 b\u00e6redygtig b\u00e6redygtighed starter med at genopfinde din forbindelse til dig selv, din tankegang og adf\u00e6rd. Denne... Read more &raquo;\" \/>\n<meta property=\"og:url\" content=\"https:\/\/helenebjerg.com\/da\/earthly-matters-baeredygtig-livsstil-indefra-og-ud\/\" \/>\n<meta property=\"og:site_name\" content=\"Helene Bjerg\" \/>\n<meta property=\"article:modified_time\" content=\"2023-10-15T13:36:31+00:00\" \/>\n<meta property=\"og:image\" content=\"https:\/\/helenebjerg.com\/wp-content\/uploads\/2023\/07\/earthly-matters-book-top-website.jpg\" \/>\n\t<meta property=\"og:image:width\" content=\"2033\" \/>\n\t<meta property=\"og:image:height\" content=\"730\" \/>\n\t<meta property=\"og:image:type\" content=\"image\/jpeg\" \/>\n<meta name=\"twitter:card\" content=\"summary_large_image\" \/>\n<meta name=\"twitter:site\" content=\"@bjerghelene\" \/>\n<meta name=\"twitter:label1\" content=\"Estimeret l\u00e6setid\" \/>\n\t<meta name=\"twitter:data1\" content=\"2 minutter\" \/>\n<script type=\"application\/ld+json\" class=\"yoast-schema-graph\">{\"@context\":\"https:\\\/\\\/schema.org\",\"@graph\":[{\"@type\":\"WebPage\",\"@id\":\"https:\\\/\\\/helenebjerg.com\\\/da\\\/earthly-matters-baeredygtig-livsstil-indefra-og-ud\\\/\",\"url\":\"https:\\\/\\\/helenebjerg.com\\\/da\\\/earthly-matters-baeredygtig-livsstil-indefra-og-ud\\\/\",\"name\":\"Earth(ly) Matter(s) - Sustainable living from the inside out - Helene Bjerg\",\"isPartOf\":{\"@id\":\"https:\\\/\\\/helenebjerg.com\\\/#website\"},\"primaryImageOfPage\":{\"@id\":\"https:\\\/\\\/helenebjerg.com\\\/da\\\/earthly-matters-baeredygtig-livsstil-indefra-og-ud\\\/#primaryimage\"},\"image\":{\"@id\":\"https:\\\/\\\/helenebjerg.com\\\/da\\\/earthly-matters-baeredygtig-livsstil-indefra-og-ud\\\/#primaryimage\"},\"thumbnailUrl\":\"https:\\\/\\\/helenebjerg.com\\\/wp-content\\\/uploads\\\/2023\\\/07\\\/earthly-matters-book-top-website.jpg\",\"datePublished\":\"2023-07-24T16:33:49+00:00\",\"dateModified\":\"2023-10-15T13:36:31+00:00\",\"breadcrumb\":{\"@id\":\"https:\\\/\\\/helenebjerg.com\\\/da\\\/earthly-matters-baeredygtig-livsstil-indefra-og-ud\\\/#breadcrumb\"},\"inLanguage\":\"da-DK\",\"potentialAction\":[{\"@type\":\"ReadAction\",\"target\":[\"https:\\\/\\\/helenebjerg.com\\\/da\\\/earthly-matters-baeredygtig-livsstil-indefra-og-ud\\\/\"]}]},{\"@type\":\"ImageObject\",\"inLanguage\":\"da-DK\",\"@id\":\"https:\\\/\\\/helenebjerg.com\\\/da\\\/earthly-matters-baeredygtig-livsstil-indefra-og-ud\\\/#primaryimage\",\"url\":\"https:\\\/\\\/helenebjerg.com\\\/wp-content\\\/uploads\\\/2023\\\/07\\\/earthly-matters-book-top-website.jpg\",\"contentUrl\":\"https:\\\/\\\/helenebjerg.com\\\/wp-content\\\/uploads\\\/2023\\\/07\\\/earthly-matters-book-top-website.jpg\",\"width\":2033,\"height\":730,\"caption\":\"Earth(ly) Matter(s) - Sustainable living from the inside out book bog helene bjerg\"},{\"@type\":\"BreadcrumbList\",\"@id\":\"https:\\\/\\\/helenebjerg.com\\\/da\\\/earthly-matters-baeredygtig-livsstil-indefra-og-ud\\\/#breadcrumb\",\"itemListElement\":[{\"@type\":\"ListItem\",\"position\":1,\"name\":\"Home\",\"item\":\"https:\\\/\\\/helenebjerg.com\\\/da\\\/\"},{\"@type\":\"ListItem\",\"position\":2,\"name\":\"Earth(ly) Matter(s) &#8211; Sustainable living from the inside out\"}]},{\"@type\":\"WebSite\",\"@id\":\"https:\\\/\\\/helenebjerg.com\\\/#website\",\"url\":\"https:\\\/\\\/helenebjerg.com\\\/\",\"name\":\"Helene Bjerg\",\"description\":\"Executive Coach &amp; Advisor\",\"publisher\":{\"@id\":\"https:\\\/\\\/helenebjerg.com\\\/#\\\/schema\\\/person\\\/0e8025f4a38c98e3892d2f1ede2d2242\"},\"alternateName\":\"Executive Coaching\",\"potentialAction\":[{\"@type\":\"SearchAction\",\"target\":{\"@type\":\"EntryPoint\",\"urlTemplate\":\"https:\\\/\\\/helenebjerg.com\\\/?s={search_term_string}\"},\"query-input\":{\"@type\":\"PropertyValueSpecification\",\"valueRequired\":true,\"valueName\":\"search_term_string\"}}],\"inLanguage\":\"da-DK\"},{\"@type\":[\"Person\",\"Organization\"],\"@id\":\"https:\\\/\\\/helenebjerg.com\\\/#\\\/schema\\\/person\\\/0e8025f4a38c98e3892d2f1ede2d2242\",\"name\":\"Helene Bjerg\",\"image\":{\"@type\":\"ImageObject\",\"inLanguage\":\"da-DK\",\"@id\":\"https:\\\/\\\/helenebjerg.com\\\/wp-content\\\/uploads\\\/2017\\\/01\\\/Helene-Bjerg_blog-website_2017.jpg\",\"url\":\"https:\\\/\\\/helenebjerg.com\\\/wp-content\\\/uploads\\\/2017\\\/01\\\/Helene-Bjerg_blog-website_2017.jpg\",\"contentUrl\":\"https:\\\/\\\/helenebjerg.com\\\/wp-content\\\/uploads\\\/2017\\\/01\\\/Helene-Bjerg_blog-website_2017.jpg\",\"width\":579,\"height\":513,\"caption\":\"Helene Bjerg\"},\"logo\":{\"@id\":\"https:\\\/\\\/helenebjerg.com\\\/wp-content\\\/uploads\\\/2017\\\/01\\\/Helene-Bjerg_blog-website_2017.jpg\"}}]}<\/script>\n<!-- \/ Yoast SEO plugin. -->","yoast_head_json":{"title":"Earth(ly) Matter(s) - Sustainable living from the inside out - Helene Bjerg","robots":{"index":"index","follow":"follow","max-snippet":"max-snippet:-1","max-image-preview":"max-image-preview:large","max-video-preview":"max-video-preview:-1"},"canonical":"https:\/\/helenebjerg.com\/da\/earthly-matters-baeredygtig-livsstil-indefra-og-ud\/","og_locale":"da_DK","og_type":"article","og_title":"Earth(ly) Matter(s) - Sustainable living from the inside out - Helene Bjerg","og_description":"Bestil &#8220;Earth(ly) Matter(s) &#8211; Sustainable Living From the Inside Out\u201d p\u00e5 Saxo.com Er du p\u00e5 jagt efter en mere b\u00e6redygtig m\u00e5de at leve p\u00e5? Hvis du er, er du ikke alene, og svaret findes inde i dig. At opn\u00e5 b\u00e6redygtig b\u00e6redygtighed starter med at genopfinde din forbindelse til dig selv, din tankegang og adf\u00e6rd. Denne... Read more &raquo;","og_url":"https:\/\/helenebjerg.com\/da\/earthly-matters-baeredygtig-livsstil-indefra-og-ud\/","og_site_name":"Helene Bjerg","article_modified_time":"2023-10-15T13:36:31+00:00","og_image":[{"width":2033,"height":730,"url":"https:\/\/helenebjerg.com\/wp-content\/uploads\/2023\/07\/earthly-matters-book-top-website.jpg","type":"image\/jpeg"}],"twitter_card":"summary_large_image","twitter_site":"@bjerghelene","twitter_misc":{"Estimeret l\u00e6setid":"2 minutter"},"schema":{"@context":"https:\/\/schema.org","@graph":[{"@type":"WebPage","@id":"https:\/\/helenebjerg.com\/da\/earthly-matters-baeredygtig-livsstil-indefra-og-ud\/","url":"https:\/\/helenebjerg.com\/da\/earthly-matters-baeredygtig-livsstil-indefra-og-ud\/","name":"Earth(ly) Matter(s) - Sustainable living from the inside out - Helene Bjerg","isPartOf":{"@id":"https:\/\/helenebjerg.com\/#website"},"primaryImageOfPage":{"@id":"https:\/\/helenebjerg.com\/da\/earthly-matters-baeredygtig-livsstil-indefra-og-ud\/#primaryimage"},"image":{"@id":"https:\/\/helenebjerg.com\/da\/earthly-matters-baeredygtig-livsstil-indefra-og-ud\/#primaryimage"},"thumbnailUrl":"https:\/\/helenebjerg.com\/wp-content\/uploads\/2023\/07\/earthly-matters-book-top-website.jpg","datePublished":"2023-07-24T16:33:49+00:00","dateModified":"2023-10-15T13:36:31+00:00","breadcrumb":{"@id":"https:\/\/helenebjerg.com\/da\/earthly-matters-baeredygtig-livsstil-indefra-og-ud\/#breadcrumb"},"inLanguage":"da-DK","potentialAction":[{"@type":"ReadAction","target":["https:\/\/helenebjerg.com\/da\/earthly-matters-baeredygtig-livsstil-indefra-og-ud\/"]}]},{"@type":"ImageObject","inLanguage":"da-DK","@id":"https:\/\/helenebjerg.com\/da\/earthly-matters-baeredygtig-livsstil-indefra-og-ud\/#primaryimage","url":"https:\/\/helenebjerg.com\/wp-content\/uploads\/2023\/07\/earthly-matters-book-top-website.jpg","contentUrl":"https:\/\/helenebjerg.com\/wp-content\/uploads\/2023\/07\/earthly-matters-book-top-website.jpg","width":2033,"height":730,"caption":"Earth(ly) Matter(s) - Sustainable living from the inside out book bog helene bjerg"},{"@type":"BreadcrumbList","@id":"https:\/\/helenebjerg.com\/da\/earthly-matters-baeredygtig-livsstil-indefra-og-ud\/#breadcrumb","itemListElement":[{"@type":"ListItem","position":1,"name":"Home","item":"https:\/\/helenebjerg.com\/da\/"},{"@type":"ListItem","position":2,"name":"Earth(ly) Matter(s) &#8211; Sustainable living from the inside out"}]},{"@type":"WebSite","@id":"https:\/\/helenebjerg.com\/#website","url":"https:\/\/helenebjerg.com\/","name":"Helene Bjerg","description":"Executive Coach &amp; Advisor","publisher":{"@id":"https:\/\/helenebjerg.com\/#\/schema\/person\/0e8025f4a38c98e3892d2f1ede2d2242"},"alternateName":"Executive Coaching","potentialAction":[{"@type":"SearchAction","target":{"@type":"EntryPoint","urlTemplate":"https:\/\/helenebjerg.com\/?s={search_term_string}"},"query-input":{"@type":"PropertyValueSpecification","valueRequired":true,"valueName":"search_term_string"}}],"inLanguage":"da-DK"},{"@type":["Person","Organization"],"@id":"https:\/\/helenebjerg.com\/#\/schema\/person\/0e8025f4a38c98e3892d2f1ede2d2242","name":"Helene Bjerg","image":{"@type":"ImageObject","inLanguage":"da-DK","@id":"https:\/\/helenebjerg.com\/wp-content\/uploads\/2017\/01\/Helene-Bjerg_blog-website_2017.jpg","url":"https:\/\/helenebjerg.com\/wp-content\/uploads\/2017\/01\/Helene-Bjerg_blog-website_2017.jpg","contentUrl":"https:\/\/helenebjerg.com\/wp-content\/uploads\/2017\/01\/Helene-Bjerg_blog-website_2017.jpg","width":579,"height":513,"caption":"Helene Bjerg"},"logo":{"@id":"https:\/\/helenebjerg.com\/wp-content\/uploads\/2017\/01\/Helene-Bjerg_blog-website_2017.jpg"}}]}},"jetpack_sharing_enabled":true,"_links":{"self":[{"href":"https:\/\/helenebjerg.com\/da\/wp-json\/wp\/v2\/pages\/919","targetHints":{"allow":["GET"]}}],"collection":[{"href":"https:\/\/helenebjerg.com\/da\/wp-json\/wp\/v2\/pages"}],"about":[{"href":"https:\/\/helenebjerg.com\/da\/wp-json\/wp\/v2\/types\/page"}],"author":[{"embeddable":true,"href":"https:\/\/helenebjerg.com\/da\/wp-json\/wp\/v2\/users\/9"}],"replies":[{"embeddable":true,"href":"https:\/\/helenebjerg.com\/da\/wp-json\/wp\/v2\/comments?post=919"}],"version-history":[{"count":0,"href":"https:\/\/helenebjerg.com\/da\/wp-json\/wp\/v2\/pages\/919\/revisions"}],"wp:featuredmedia":[{"embeddable":true,"href":"https:\/\/helenebjerg.com\/da\/wp-json\/wp\/v2\/media\/921"}],"wp:attachment":[{"href":"https:\/\/helenebjerg.com\/da\/wp-json\/wp\/v2\/media?parent=919"}],"curies":[{"name":"wp","href":"https:\/\/api.w.org\/{rel}","templated":true}]}}